{"id":8,"date":"2016-12-28T05:53:52","date_gmt":"2016-12-28T05:53:52","guid":{"rendered":"https:\/\/raratheme.com\/preview\/construction-landing-page\/?page_id=8"},"modified":"2025-08-04T22:27:39","modified_gmt":"2025-08-04T20:27:39","slug":"home","status":"publish","type":"page","link":"https:\/\/boxalmetro.com\/web\/","title":{"rendered":"Lo spazio che mancava ai Privati, Professionisti ed Aziende"},"content":{"rendered":"<blockquote class=\"tiktok-embed\" style=\"max-width: 605px; min-width: 325px;\" cite=\"https:\/\/www.tiktok.com\/@boxalmetro\/video\/7403428786609425696\" data-video-id=\"7403428786609425696\">\n<section><a title=\"@boxalmetro\" href=\"https:\/\/www.tiktok.com\/@boxalmetro?refer=embed\" target=\"_blank\" rel=\"noopener\">@boxalmetro<\/a>#boxalmetro boxalmetro.com L unico Self Storage a Lucca | Depositi Individuali Autogestiti | Lo spazio aperto tutti i giorni oltre 12 ore per ospitare le tue attrezzature sportive o tecniche o professionali, le tue collezioni, le scatole delle garanzie dei prodotti, libri, mobili, oggetti in genere etc<a title=\"\u266c original sound - BoxALmetro\" href=\"https:\/\/www.tiktok.com\/music\/original-sound-BoxALmetro-7403428859424770848?refer=embed\" target=\"_blank\" rel=\"noopener\">\u266c original sound &#8211; BoxALmetro<\/a><\/section>\n<\/blockquote>\n<p><script async src=\"https:\/\/www.tiktok.com\/embed.js\"><\/script><\/p>\n<h1><\/h1>\n<h1>BOX &#8211; Cantine &#8211; Magazzini &#8211; SelfStorage &#8211; Depositi Individuali Autogestiti da\u00a0 2 e 4 metri quadri o Depositi Accessibili su appuntamento da 2, 4, 8, 16 metri quadri per Privati, Professionisti ed Aziende<\/h1>\n<p><strong>Appartamento piccolo e senza cantina? | <\/strong><strong>Cambio stagioni? Bikini e Cappotti alla stessa gruccia?<\/strong><\/p>\n<p><strong>Stanco di avere gli sci sotto il letto e le pinne in salotto? | <\/strong><strong>Ti serve uno spazio, privato, temporaneo, fuori casa, dove riporre tutto quello che non usi?<\/strong><\/p>\n<p><strong>Contattaci tramite WhatsAPP con il bottone in basso a destra o compila il <a href=\"https:\/\/boxalmetro.com\/web\/contatti\">formulario<\/a> ! <\/strong><\/p>\n<p><strong>Siamo a Lucca in Via Di Tiglio 43, Zona Arancio<\/strong> | Vicino alla Biennebi | Lidl | Santa Gemma<\/p>\n<p>&nbsp;<\/p>\n<p><strong>BoxAlMetro | Lo Spazio che mancava per conservare:<\/strong><\/p>\n<p><strong>Attrezzature Tecniche Professionali<\/strong> (Hai un hobby? Fai un secondo lavoro?) | <strong>Cosplayer<\/strong> (Vuoi riporre l&#8217;armatura fino al prossimo evento?)<\/p>\n<p><strong>Super Hero<\/strong> (Devi tenere nella BoxCaverna il costume per sconfiggere Joker?) | <strong>Libri e Collezioni<\/strong> (Dischi | Quadri | Fumetti | Action Figures)<\/p>\n<p><strong>Attrezzature Sportive Ingombranti<\/strong> (Equitazione | Sci | Tennis | Bicicletta | Surf e Snorkling | Golf)<\/p>\n<p><strong>Scatole e Mobili smontati<\/strong> (Trasloco | Conservazione Imballi per Garanzie | Viaggi all&#8217;estero ed affitti casa tua)<\/p>\n<p><strong>Documenti<\/strong> (Devi conservare il cartaceo per 5 o 10 anni?) | <strong>Merci<\/strong> (Devi farti consegnare prodotti fuori orario?)<\/p>\n<p><strong>Cambio Stagione<\/strong> (Non hai spazio per i piumoni invernali o la piscina estiva per i bambini?) | <strong>Merci<\/strong> (Devi farti consegnare prodotti fuori orario?)<\/p>\n<p><strong>KeyBox<\/strong> (Hai un B&amp;B o affitti auto, case o stanze e ti serve un posto sicuro per Check-In \/ Check-Out? e Pick-Up \/ Drop-Off?)<\/p>\n<p>&nbsp;<\/p>\n<h1>Istruzioni per l&#8217;accesso dei clienti attivi<\/h1>\n<p>La sede di Via di Tiglio 43 a Lucca ha i parcheggi Blu con 15 minuti gratuiti sulla destra ed i parcheggi bianchi con 1 ora di carico-scarico sulla sinistra<\/p>\n<p>La porta principale \u00e8 dotata di un sistema di Controllo degli Accessi per cui solo i clienti attivi possono accedere<\/p>\n<p>I clienti attivi ricevono via mail o WhatsAPP la conferma che il PIN1 ed il PIN2 (che hanno scelto) sono stati attivati correttamente<\/p>\n<p><strong>E&#8217; necessario quindi digitare tale PIN1 seguito dal tasto # per poter aprire la porta automatica<\/strong><\/p>\n<p><strong>Non \u00e8 necessario spingere la porta gi\u00e0 che questa si aprir\u00e0 automaticamente cosi come non \u00e8 necessario richiuderla, infatti si richiuder\u00e0 da sola dopo poche decine di secondi<\/strong><\/p>\n<p>Una volta entrati nella zona comune, \u00e8 possibile aprire il proprio KeyBox con il PIN2 personale e recuperare la propria chiave privata per poi dirigersi verso il proprio Box ed aprirlo con questa ultima<\/p>\n<p>Completate le operazioni di carico\/scarico dal proprio Box, \u00e8 necessario chiuderlo a chiave e rimettere la stessa nel proprio KeyBox, assicurandosi di aver successivamente scombinato i numeri per evitare che altri clienti scoprano il vostro PIN2\u00a0 personale<\/p>\n<p>A questo punto \u00e8 possibile uscire dai locali premendo il Bottone Door Opener sulla parete Nord del corridoio, davanti al BOX T-01<\/p>\n<p>Attendere che la porta si richiuda automaticamente e poi dirigersi verso la propria auto<\/p>\n<p>Procedi la navigazione per vedere le nostre <a href=\"https:\/\/boxalmetro.com\/web\/offerte-promo\/\">Offerte e Promozioni!<\/a><\/p>\n<p>O la <a href=\"https:\/\/boxalmetro.com\/web\/gallery\">Gallery<\/a> delle Immagini delle Varie Locations, lo <a href=\"https:\/\/boxalmetro.com\/web\/shop\/\">Shop<\/a> di tutti i BOX disponibili<\/p>\n<p>&nbsp;<\/p>\n","protected":false},"excerpt":{"rendered":"<p>@boxalmetro#boxalmetro boxalmetro.com L unico Self Storage a Lucca | Depositi Individuali Autogestiti | Lo spazio aperto tutti i giorni oltre 12 ore per ospitare le tue attrezzature sportive o tecniche o professionali, le tue collezioni, le scatole delle garanzie dei prodotti, libri,<\/p>\n<p class=\"link-more\"><a class=\"myButt three\" href=\"https:\/\/boxalmetro.com\/web\/\">Read More<\/a><\/p>\n","protected":false},"author":1,"featured_media":0,"parent":0,"menu_order":1,"comment_status":"closed","ping_status":"closed","template":"templeat-full-width.php","meta":{"_joinchat":[],"footnotes":""},"class_list":["post-8","page","type-page","status-publish","hentry"],"_links":{"self":[{"href":"https:\/\/boxalmetro.com\/web\/wp-json\/wp\/v2\/pages\/8","targetHints":{"allow":["GET"]}}],"collection":[{"href":"https:\/\/boxalmetro.com\/web\/wp-json\/wp\/v2\/pages"}],"about":[{"href":"https:\/\/boxalmetro.com\/web\/wp-json\/wp\/v2\/types\/page"}],"author":[{"embeddable":true,"href":"https:\/\/boxalmetro.com\/web\/wp-json\/wp\/v2\/users\/1"}],"replies":[{"embeddable":true,"href":"https:\/\/boxalmetro.com\/web\/wp-json\/wp\/v2\/comments?post=8"}],"version-history":[{"count":43,"href":"https:\/\/boxalmetro.com\/web\/wp-json\/wp\/v2\/pages\/8\/revisions"}],"predecessor-version":[{"id":1129,"href":"https:\/\/boxalmetro.com\/web\/wp-json\/wp\/v2\/pages\/8\/revisions\/1129"}],"wp:attachment":[{"href":"https:\/\/boxalmetro.com\/web\/wp-json\/wp\/v2\/media?parent=8"}],"curies":[{"name":"wp","href":"https:\/\/api.w.org\/{rel}","templated":true}]}}