{"id":189,"date":"2017-01-03T05:36:18","date_gmt":"2017-01-03T05:36:18","guid":{"rendered":"https:\/\/raratheme.com\/preview\/construction-landing-page\/?page_id=189"},"modified":"2026-02-02T01:58:19","modified_gmt":"2026-02-01T23:58:19","slug":"offerte-promo","status":"publish","type":"page","link":"https:\/\/boxalmetro.com\/web\/offerte-promo\/","title":{"rendered":"Offerte &#038; Promo"},"content":{"rendered":"\t\t<div data-elementor-type=\"wp-page\" data-elementor-id=\"189\" class=\"elementor elementor-189\" data-elementor-post-type=\"page\">\n\t\t\t\t<div class=\"elementor-element elementor-element-3b2ba31 e-grid e-con-boxed e-con e-parent\" data-id=\"3b2ba31\" data-element_type=\"container\" data-e-type=\"container\">\n\t\t\t\t\t<div class=\"e-con-inner\">\n\t\t\t\t<div class=\"elementor-element elementor-element-0848675 elementor-widget elementor-widget-text-editor\" data-id=\"0848675\" data-element_type=\"widget\" data-e-type=\"widget\" data-widget_type=\"text-editor.default\">\n\t\t\t\t<div class=\"elementor-widget-container\">\n\t\t\t\t\t\t\t\t\t<h1>I nostri BOX SelfStorage, SelfLuggage, SelfLocker e Depositi<\/h1>\t\t\t\t\t\t\t\t<\/div>\n\t\t\t\t<\/div>\n\t\t\t\t<div class=\"elementor-element elementor-element-43f66b9 elementor-widget elementor-widget-text-editor\" data-id=\"43f66b9\" data-element_type=\"widget\" data-e-type=\"widget\" data-widget_type=\"text-editor.default\">\n\t\t\t\t<div class=\"elementor-widget-container\">\n\t\t\t\t\t\t\t\t\t<p>Quick Links |\u00a0<a href=\"http:\/\/boxalmetro.com\/web\/offerte-promo#box1\">BOX-1<\/a>\u00a0|\u00a0<a href=\"http:\/\/boxalmetro.com\/web\/offerte-promo#box2\">BOX-2<\/a>\u00a0|\u00a0<a href=\"http:\/\/boxalmetro.com\/web\/offerte-promo#box4\">BOX-4<\/a>\u00a0|\u00a0<a href=\"http:\/\/boxalmetro.com\/web\/offerte-promo#deposito8\">Deposito-8<\/a>\u00a0|\u00a0<a href=\"http:\/\/boxalmetro.com\/web\/offerte-promo#deposito16\">Deposito-16<\/a> | <a href=\"https:\/\/boxalmetro.com\/web\/offerte-promo\/#deposito4\">Deposito-4<\/a> | <a href=\"http:\/\/boxalmetro.com\/web\/offerte-promo#moto1\">MOTO-1<\/a>\u00a0|\u00a0<a href=\"http:\/\/boxalmetro.com\/web\/offerte-promo#moto1\">MOTO-2<\/a>\u00a0|\u00a0<a href=\"http:\/\/boxalmetro.com\/web\/offerte-promo#moto1\">MOTO-3<\/a> | <a href=\"http:\/\/boxalmetro.com\/web\/offerte-promo#internet\">Internet<\/a> | <a href=\"http:\/\/boxalmetro.com\/web\/offerte-promo#documenti-attivazione\">Documenti Attivazione<\/a> |<\/p>\t\t\t\t\t\t\t\t<\/div>\n\t\t\t\t<\/div>\n\t\t\t\t\t<\/div>\n\t\t\t\t<\/div>\n\t\t<div class=\"elementor-element elementor-element-5bb41c6 e-grid e-con-boxed e-con e-parent\" data-id=\"5bb41c6\" data-element_type=\"container\" data-e-type=\"container\">\n\t\t\t\t\t<div class=\"e-con-inner\">\n\t\t\t\t<div class=\"elementor-element elementor-element-7ef7bd5 elementor-widget elementor-widget-text-editor\" data-id=\"7ef7bd5\" data-element_type=\"widget\" data-e-type=\"widget\" id=\"moto1\" data-widget_type=\"text-editor.default\">\n\t\t\t\t<div class=\"elementor-widget-container\">\n\t\t\t\t\t\t\t\t\t<p>Per calcolare il prezzo dei nostri servizi, lancia il Simulatore corrispondente<\/p><p>\u00a0<\/p><p><a href=\"https:\/\/boxalmetro.com\/web\/simulatore-prezzo-selfstorage-depositi-individuali-self\/?sqm=2&amp;months=6\">Simulatore Prezzo SelfStorage Depositi Individuali Self<\/a><\/p><p>Con accesso autonomo, 13 ore al giorno, tutti i giorni, senza appuntamento<\/p><p>\u00a0<\/p><p><a href=\"https:\/\/boxalmetro.com\/web\/simulatore-prezzo-hybridstorage-depositi-individuali-non-self\">Simulatore Prezzo HybridStorage Depositi Individuali Non Self<\/a><\/p><p>Con accesso su appuntamento<\/p><p>\u00a0<\/p><p><a href=\"https:\/\/boxalmetro.com\/web\/simulatore-prezzo-warestorage-depositi-condivisi-non-self\/\">Simulatore Prezzo WareStorage Depositi Condivisi Non Self<\/a><\/p><p>Con accesso su appuntamento<\/p><p>\u00a0<\/p><h1>\u00a0<\/h1><h2>MOTO-1 Posto Moto Small (Attualmente in progettazione)<\/h2><p><b>Il costo mensile \u00e8 di 49\u20ac oltre eventuali extra<\/b><\/p><p>I Posti Moto aperti hanno una larghezza di x.xx metri ca. ed una profondit\u00e0 di x.xx metri ca.<\/p><h2>MOTO-2 Posto Moto Medium con Locker (Attualmente in progettazione)<\/h2><p><b>Il costo mensile \u00e8 di 79\u20ac oltre eventuali extra<\/b><\/p><p>I Posti Moto aperti hanno una larghezza di x.xx metri ca. ed una profondit\u00e0 di x.xx metri ca.<\/p><h2>MOTO-3 Posto Moto Large Chiusi e\u00a0 con Locker (Attualmente in progettazione)<\/h2><p><b>Il costo mensile \u00e8 di 149\u20ac oltre eventuali extra<\/b><\/p><p>I Posti Moto aperti hanno una larghezza di x.xx metri ca. ed una profondit\u00e0 di x.xx metri ca.<\/p><p>Il pagamento \u00e8 sempre anticipato e dipende dalla dimensione dei Box e dalla location della struttura<\/p><p>Periodicamente ci sono Promozioni che permettono di acquistare un numero di mesi ottenendo degli sconti fedelt\u00e0 con pacchetti da 3, 6 o 12 mesi anticipati<\/p><p>=============================================================<\/p><p><a href=\"https:\/\/buy.stripe.com\/9AQ6r03SG0Ze1gc9AA\" target=\"_blank\" rel=\"noopener\">Clicka qui per procedere con il pagamento mensile<\/a><\/p><p><img fetchpriority=\"high\" decoding=\"async\" class=\"alignnone size-medium wp-image-406\" src=\"https:\/\/boxalmetro.com\/web\/wp-content\/uploads\/2024\/01\/Stripe_100eur_recurring_qr_9AQ6r03SG0Ze1gc9AA-250x300.png\" alt=\"\" width=\"250\" height=\"300\" srcset=\"https:\/\/boxalmetro.com\/web\/wp-content\/uploads\/2024\/01\/Stripe_100eur_recurring_qr_9AQ6r03SG0Ze1gc9AA-250x300.png 250w, https:\/\/boxalmetro.com\/web\/wp-content\/uploads\/2024\/01\/Stripe_100eur_recurring_qr_9AQ6r03SG0Ze1gc9AA-600x719.png 600w, https:\/\/boxalmetro.com\/web\/wp-content\/uploads\/2024\/01\/Stripe_100eur_recurring_qr_9AQ6r03SG0Ze1gc9AA-854x1024.png 854w, https:\/\/boxalmetro.com\/web\/wp-content\/uploads\/2024\/01\/Stripe_100eur_recurring_qr_9AQ6r03SG0Ze1gc9AA-768x921.png 768w, https:\/\/boxalmetro.com\/web\/wp-content\/uploads\/2024\/01\/Stripe_100eur_recurring_qr_9AQ6r03SG0Ze1gc9AA.png 880w\" sizes=\"(max-width: 250px) 100vw, 250px\" \/><\/p><p>mq significa Metri Quadrati. Rappresenta la dimensione calpestabile<br \/>Il valore si ottiene moltiplicando la larghezza per la profondit\u00e0<\/p><p>mc significa Metri Cubi. Rappresenta la dimensione tridimensionale, il volume di oggetti che pu\u00f2 accogliere<br \/>Il valore si ottiene moltiplicando la larghezza per la profondit\u00e0 per la altezza<\/p><p>ca. significa Circa dato che ogni misura \u00e8 soggetta ad una approssimazione del 10% max<\/p>\t\t\t\t\t\t\t\t<\/div>\n\t\t\t\t<\/div>\n\t\t\t\t\t<\/div>\n\t\t\t\t<\/div>\n\t\t<div class=\"elementor-element elementor-element-d166191 e-grid e-con-boxed e-con e-parent\" data-id=\"d166191\" data-element_type=\"container\" data-e-type=\"container\">\n\t\t\t\t\t<div class=\"e-con-inner\">\n\t\t\t\t<div class=\"elementor-element elementor-element-fed28bf elementor-widget elementor-widget-text-editor\" data-id=\"fed28bf\" data-element_type=\"widget\" data-e-type=\"widget\" id=\"internet\" data-widget_type=\"text-editor.default\">\n\t\t\t\t<div class=\"elementor-widget-container\">\n\t\t\t\t\t\t\t\t\t<p>Gli ideatori di BoxAlMetro.com vengono da settori diversi tra loro<\/p><p>C&#8217;\u00e8 un informatico esperto di supporto tecnico internazionale che arriva da General Electric Oil&amp;Gas ed Apple e che negli ultimi anni si \u00e8 dedicato a portare Internet sia a chi \u00e8 molto servito dai vari gestori che soprattutto a chi \u00e8 invece in zone per nulla coperte dalle varie tecnologie<\/p><p>Un socio invece viene dalla produzione industriale e dall&#8217;impiantistica, \u00e8 quindi esperto di stesura cavi di rete, impianti elettrici etc<\/p><p>Queste due sinergie si sono unite in un servizio di<\/p><h1>Connettivit\u00e0 Internet e Relativa Distribuzione in Case, Uffici, Aziende, Strutture Ricettive tramite Ponti Radio<\/h1><p>E&#8217; possibile richiedere una verifica di fattibilit\u00e0 ed un sopralluogo via WhatsAPP al 3483206485 per capire quale tecnologia potrebbe portarvi Internet e quale sia la miglior distribuzione della connettivit\u00e0 nella vostra struttura<\/p>\t\t\t\t\t\t\t\t<\/div>\n\t\t\t\t<\/div>\n\t\t\t\t\t<\/div>\n\t\t\t\t<\/div>\n\t\t<div class=\"elementor-element elementor-element-e11982e e-grid e-con-boxed e-con e-parent\" data-id=\"e11982e\" data-element_type=\"container\" data-e-type=\"container\">\n\t\t\t\t\t<div class=\"e-con-inner\">\n\t\t\t\t<div class=\"elementor-element elementor-element-288d409 elementor-widget elementor-widget-text-editor\" data-id=\"288d409\" data-element_type=\"widget\" data-e-type=\"widget\" data-widget_type=\"text-editor.default\">\n\t\t\t\t<div class=\"elementor-widget-container\">\n\t\t\t\t\t\t\t\t\t<h1>I nostri KeyBox<\/h1><p><img decoding=\"async\" class=\"size-medium wp-image-445 alignleft\" src=\"https:\/\/boxalmetro.com\/web\/wp-content\/uploads\/2024\/01\/KeyBox_1-300x296.jpg\" alt=\"\" width=\"300\" height=\"296\" srcset=\"https:\/\/boxalmetro.com\/web\/wp-content\/uploads\/2024\/01\/KeyBox_1-300x296.jpg 300w, https:\/\/boxalmetro.com\/web\/wp-content\/uploads\/2024\/01\/KeyBox_1-100x100.jpg 100w, https:\/\/boxalmetro.com\/web\/wp-content\/uploads\/2024\/01\/KeyBox_1-600x592.jpg 600w, https:\/\/boxalmetro.com\/web\/wp-content\/uploads\/2024\/01\/KeyBox_1-1024x1011.jpg 1024w, https:\/\/boxalmetro.com\/web\/wp-content\/uploads\/2024\/01\/KeyBox_1-768x758.jpg 768w, https:\/\/boxalmetro.com\/web\/wp-content\/uploads\/2024\/01\/KeyBox_1.jpg 1500w\" sizes=\"(max-width: 300px) 100vw, 300px\" \/><\/p><p>Chi gestisce appartamenti o ville per affitti brevi &#8211; temporanei e non vuole o non pu\u00f2 occuparsi dei Check-Ins \/ Check-Outs, pu\u00f2 affittare uno o pi\u00f9 KeyBox presso KeyBoxWall di BoxAlMetro<\/p><p><strong>Un KeyboxWall \u00e8 una parete che ospita un determinato numero di piccole casseforti a combinazione<\/strong><\/p><p>Ogni microcassaforte contiene gli strumenti necessari per accedere ad una propriet\u00e0 privata presa in affitto breve<\/p><p><strong>Ogni KeyBox infatti pu\u00f2 ospitare il telecomando della sbarra del parcheggio riservato, la chiave fisica del cancellino di ingresso, la chiave fisica del portone del palazzo, la chiave fisica della porta dell&#8217;appartamento, la chiave fisica della stanza riservata etc<\/strong><\/p><p>Le strutture ricettive che si avvalgono di questo servizio, ottengono il PIN1 ed il PIN2<\/p><p>Il PIN1 a 6 cifre \u00e8 quello per l&#8217;apertura automatica della porta principale<\/p><p>Il PIN2 a 4 cifre \u00e8 quello che permette l&#8217;apertura del proprio KeyBox per accedere alle chiavi dell&#8217;appartamento in affitto breve e dove poter riconsegnare le chiavi una volta completato il soggiorno. Per attivare il servizio KeyBox si prega di <a href=\"https:\/\/boxalmetro.com\/web\/contatti\">contattarci tramite questo form<\/a><\/p><p><!--mep-nl--> <!--mep-nl-->Quick Links |\u00a0<a href=\"http:\/\/boxalmetro.com\/web\/offerte-promo#box1\">BOX-1<\/a>\u00a0|\u00a0<a href=\"http:\/\/boxalmetro.com\/web\/offerte-promo#box2\">BOX-2<\/a>\u00a0|\u00a0<a href=\"http:\/\/boxalmetro.com\/web\/offerte-promo#box4\">BOX-4<\/a>\u00a0|\u00a0<a href=\"http:\/\/boxalmetro.com\/web\/offerte-promo#deposito8\">Deposito-8<\/a>\u00a0|\u00a0<a href=\"http:\/\/boxalmetro.com\/web\/offerte-promo#deposito16\">Deposito-16<\/a> | <a href=\"https:\/\/boxalmetro.com\/web\/offerte-promo\/#deposito4\">Deposito-4<\/a> | <a href=\"http:\/\/boxalmetro.com\/web\/offerte-promo#moto1\">MOTO-1<\/a>\u00a0|\u00a0<a href=\"http:\/\/boxalmetro.com\/web\/offerte-promo#moto1\">MOTO-2<\/a>\u00a0|\u00a0<a href=\"http:\/\/boxalmetro.com\/web\/offerte-promo#moto1\">MOTO-3<\/a> | <a href=\"http:\/\/boxalmetro.com\/web\/offerte-promo#internet\">Internet<\/a> | <a href=\"http:\/\/boxalmetro.com\/web\/offerte-promo#documenti-attivazione\">Documenti Attivazione<\/a> |<\/p>\t\t\t\t\t\t\t\t<\/div>\n\t\t\t\t<\/div>\n\t\t<div class=\"elementor-element elementor-element-21254d6 e-con-full e-flex e-con e-child\" data-id=\"21254d6\" data-element_type=\"container\" data-e-type=\"container\">\n\t\t\t\t<div class=\"elementor-element elementor-element-a1ae3e3 elementor-widget elementor-widget-heading\" data-id=\"a1ae3e3\" data-element_type=\"widget\" data-e-type=\"widget\" id=\"documenti-attivazione\" data-widget_type=\"heading.default\">\n\t\t\t\t<div class=\"elementor-widget-container\">\n\t\t\t\t\t<h2 class=\"elementor-heading-title elementor-size-default\">Documenti per l'attivazione e Tempistiche - English below \n<\/h2>\t\t\t\t<\/div>\n\t\t\t\t<\/div>\n\t\t\t\t<div class=\"elementor-element elementor-element-4b8f2b5 elementor-widget elementor-widget-text-editor\" data-id=\"4b8f2b5\" data-element_type=\"widget\" data-e-type=\"widget\" data-widget_type=\"text-editor.default\">\n\t\t\t\t<div class=\"elementor-widget-container\">\n\t\t\t\t\t\t\t\t\t<p>Per procedere con la generazione del modulo di attivazione del SelfStorage &#8211; Deposito &#8211; Parking Slot etc, si prega di inviare i seguenti documenti a boxalmetro@gmail.com o via WhatsAPP al +393483206485<\/p><p>&#8212; Carta di Identit\u00e0 Fronte\u00a0 Retro o Patente di Guida Fronte\u00a0 Retro o Passaporto\u00a0<\/p><p>&#8212; Tessera Sanitaria, Fronte\u00a0 Retro, Social Security Number<\/p><p>&#8212; Permesso di Soggiorno, nel caso di cittadini Extra UE, Fronte\u00a0 Retro<\/p><p>&#8212; eMail e Indirizzo Geografico se diverso dal documento di Identit\u00e0<\/p><p>&#8212; Foto della Carta di Credito \/ Debito, Fronte Retro o IBAN a Garanzia. Deve essere leggibile il numero della Carta, la scadenza ed il CVV per ragioni di sicurezza<\/p><p>&#8212; Eventuale PIN di accesso di 6 cifre (Nel caso del SelfStorage). Le prima 4 cifre saranno quelle della rispettiva KeyBox<\/p><p>&#8212; Pagamento con Carta tramite Link, Paypal Familiari, Bonifico, Contanti,<\/p><p>&#8212; L&#8217;accesso \u00e8 consentito dopo 2 giorni lavorativi dalla ricezione del pagamento<\/p><p>&#8212; La Cauzione \u00e8 di 1 mese se si domicilia il canone su carta di Credito, di 2 mesi se si domicilia il canone su IBAN o Carta di Debito e di 3 mesi se non \u00e8 possibile agganciare Carte di Credito &#8211; Debito o IBAN<\/p><p>\u00a0<\/p><h1>Paperwork and availability<\/h1><p>To move further we have to generate the paperwork files for the SelfStorage Unit &#8211; Warehouse Room &#8211; Parking Slot etc. Please send the following documents either to WhatsAPP +393483206485 or eMail boxalmetro@gmail.com<\/p><p>&#8212; National Identity Card or Driving License or Passport, front and back<\/p><p>&#8212; Tessera Sanitaria, Fiscal Code, Social Security Number, front and back (If available)<\/p><p>&#8212; Permit front and back for non UE Citizen residing in Europe (If available)<\/p><p>&#8212; eMail and geographical address in Italy<\/p><p>&#8212; Photo of Credit Card \/ Debit Card, front and back. It should show PAN Number, Expiry Data, CVV. This is for security reasons<\/p><p>&#8212; 6 digits Access PIN Number to be enabled on the external &#8211; internal keypads. The first 4 digits of such PIN will open the internal keybox attached to you<\/p><p>&#8212; You will receive the paperwork and the payment link via Whatsapp or eMail. Sign the paperwork file, scan it or take a picture, process the payment link and send us back the paperwork files<\/p><p>&#8212; Your unit will be ready in up to 48 hours upon payment<\/p><p>&#8212; Deposit is 1 month rent for Credit Cards, 2 months rent for Debit Card or European Bank Accounts and 3 months rent for no Card and no Bank Account<\/p>\t\t\t\t\t\t\t\t<\/div>\n\t\t\t\t<\/div>\n\t\t\t\t<\/div>\n\t\t\t\t\t<\/div>\n\t\t\t\t<\/div>\n\t\t\t\t<\/div>\n\t\t","protected":false},"excerpt":{"rendered":"<p>I nostri BOX SelfStorage, SelfLuggage, SelfLocker e Depositi Quick Links |\u00a0BOX-1\u00a0|\u00a0BOX-2\u00a0|\u00a0BOX-4\u00a0|\u00a0Deposito-8\u00a0|\u00a0Deposito-16 | Deposito-4 | MOTO-1\u00a0|\u00a0MOTO-2\u00a0|\u00a0MOTO-3 | Internet | Documenti Attivazione | Per calcolare il prezzo dei nostri servizi, lancia il Simulatore corrispondente \u00a0 Simulatore Prezzo SelfStorage Depositi Individuali Self Con accesso autonomo,<\/p>\n<p class=\"link-more\"><a class=\"myButt three\" href=\"https:\/\/boxalmetro.com\/web\/offerte-promo\/\">Read More<\/a><\/p>\n","protected":false},"author":1,"featured_media":0,"parent":0,"menu_order":0,"comment_status":"closed","ping_status":"closed","template":"","meta":{"_joinchat":[],"footnotes":""},"class_list":["post-189","page","type-page","status-publish","hentry"],"_links":{"self":[{"href":"https:\/\/boxalmetro.com\/web\/wp-json\/wp\/v2\/pages\/189","targetHints":{"allow":["GET"]}}],"collection":[{"href":"https:\/\/boxalmetro.com\/web\/wp-json\/wp\/v2\/pages"}],"about":[{"href":"https:\/\/boxalmetro.com\/web\/wp-json\/wp\/v2\/types\/page"}],"author":[{"embeddable":true,"href":"https:\/\/boxalmetro.com\/web\/wp-json\/wp\/v2\/users\/1"}],"replies":[{"embeddable":true,"href":"https:\/\/boxalmetro.com\/web\/wp-json\/wp\/v2\/comments?post=189"}],"version-history":[{"count":363,"href":"https:\/\/boxalmetro.com\/web\/wp-json\/wp\/v2\/pages\/189\/revisions"}],"predecessor-version":[{"id":1529,"href":"https:\/\/boxalmetro.com\/web\/wp-json\/wp\/v2\/pages\/189\/revisions\/1529"}],"wp:attachment":[{"href":"https:\/\/boxalmetro.com\/web\/wp-json\/wp\/v2\/media?parent=189"}],"curies":[{"name":"wp","href":"https:\/\/api.w.org\/{rel}","templated":true}]}}