{"id":183,"date":"2017-01-03T05:33:57","date_gmt":"2017-01-03T05:33:57","guid":{"rendered":"https:\/\/raratheme.com\/preview\/construction-landing-page\/?page_id=183"},"modified":"2024-05-13T18:38:37","modified_gmt":"2024-05-13T16:38:37","slug":"chi-siamo","status":"publish","type":"page","link":"https:\/\/boxalmetro.com\/web\/chi-siamo\/","title":{"rendered":"Chi Siamo"},"content":{"rendered":"<blockquote class=\"tiktok-embed\" style=\"max-width: 605px; min-width: 325px;\" cite=\"https:\/\/www.tiktok.com\/@boxalmetro\/video\/7326261070048349473\" data-video-id=\"7326261070048349473\">\n<section><a title=\"@boxalmetro\" href=\"https:\/\/www.tiktok.com\/@boxalmetro?refer=embed\" target=\"_blank\" rel=\"noopener\">@boxalmetro<\/a> <a title=\"boxalmetro\" href=\"https:\/\/www.tiktok.com\/tag\/boxalmetro?refer=embed\" target=\"_blank\" rel=\"noopener\">#boxalmetro<\/a> <a title=\"lucca\" href=\"https:\/\/www.tiktok.com\/tag\/lucca?refer=embed\" target=\"_blank\" rel=\"noopener\">#lucca<\/a> https:\/\/boxalmetro.com <a title=\"selfstorage\" href=\"https:\/\/www.tiktok.com\/tag\/selfstorage?refer=embed\" target=\"_blank\" rel=\"noopener\">#selfstorage<\/a> <a title=\"\u266c original sound - BoxAlMetro\" href=\"https:\/\/www.tiktok.com\/music\/original-sound-7326261096063126304?refer=embed\" target=\"_blank\" rel=\"noopener\">\u266c original sound &#8211; BoxAlMetro<\/a><\/section>\n<\/blockquote>\n<p><script async src=\"https:\/\/www.tiktok.com\/embed.js\"><\/script><\/p>\n<p>BoxAlMetro.com \u00e8 l&#8217;unico SelfStorage di Lucca<\/p>\n<p>Un SelfStorage \u00e8 uno spazio suddiviso in tante unit\u00e0 che vanno da 1 metro quadro in su e che vengono messi a disposizione dei clienti<br \/>\nche sono autonomi nell&#8217;accesso alla struttura che pu\u00f2 essere accessibile 12 o 24 ore al giorno, 7 giorni a settimana<\/p>\n<p>Siamo un gruppo di professionisti che vengono da diversi settori<\/p>\n<p>JayJay l&#8217;informatico playero da tempo voleva sviluppare un Self Storage come quelli che ha utilizzato frequentemente durante le sue vite in varie paesi Europei<\/p>\n<p>Fabry il Guru, anche lui da tempo &#8220;covava&#8221; la possibilit\u00e0 di sperimentare le sue geniali invenzioni. Ne vedremo delle belle<\/p>\n<p>Gio, Legal Department. Better Call Gio!<\/p>\n<p>Salvo, CAD Department<\/p>\n<p>Andry &#8220;Tu sicuro poi tagliare?&#8221;<\/p>\n<p>Tutti i Professionisti, le Aziende, i Privati che vogliano collaborare con noi, per esempio perch\u00e8 hanno<br \/>\nun locale da adibire a SelfStorage, tutte le Agenzie Immobiliari, Real Estate, Assicurazioni, Lavanderie, Bed&amp;Breakfast<br \/>\n<a href=\"https:\/\/boxalmetro.com\/web\/contatti\/\">ci contattino per scoprire come sviluppare un progetto insieme<\/a><\/p>\n<p>Vedi la <a href=\"https:\/\/boxalmetro.com\/web\/gallery\">Gallery<\/a> delle Immagini delle Varie Locations<\/p>\n<p>&nbsp;<\/p>\n<p>&nbsp;<\/p>\n<p>&nbsp;<\/p>\n","protected":false},"excerpt":{"rendered":"<p>@boxalmetro #boxalmetro #lucca https:\/\/boxalmetro.com #selfstorage \u266c original sound &#8211; BoxAlMetro BoxAlMetro.com \u00e8 l&#8217;unico SelfStorage di Lucca Un SelfStorage \u00e8 uno spazio suddiviso in tante unit\u00e0 che vanno da 1 metro quadro in su e che vengono messi a disposizione dei clienti che<\/p>\n<p class=\"link-more\"><a class=\"myButt three\" href=\"https:\/\/boxalmetro.com\/web\/chi-siamo\/\">Read More<\/a><\/p>\n","protected":false},"author":1,"featured_media":0,"parent":0,"menu_order":0,"comment_status":"closed","ping_status":"closed","template":"","meta":{"_joinchat":[],"footnotes":""},"class_list":["post-183","page","type-page","status-publish","hentry"],"_links":{"self":[{"href":"https:\/\/boxalmetro.com\/web\/wp-json\/wp\/v2\/pages\/183","targetHints":{"allow":["GET"]}}],"collection":[{"href":"https:\/\/boxalmetro.com\/web\/wp-json\/wp\/v2\/pages"}],"about":[{"href":"https:\/\/boxalmetro.com\/web\/wp-json\/wp\/v2\/types\/page"}],"author":[{"embeddable":true,"href":"https:\/\/boxalmetro.com\/web\/wp-json\/wp\/v2\/users\/1"}],"replies":[{"embeddable":true,"href":"https:\/\/boxalmetro.com\/web\/wp-json\/wp\/v2\/comments?post=183"}],"version-history":[{"count":16,"href":"https:\/\/boxalmetro.com\/web\/wp-json\/wp\/v2\/pages\/183\/revisions"}],"predecessor-version":[{"id":674,"href":"https:\/\/boxalmetro.com\/web\/wp-json\/wp\/v2\/pages\/183\/revisions\/674"}],"wp:attachment":[{"href":"https:\/\/boxalmetro.com\/web\/wp-json\/wp\/v2\/media?parent=183"}],"curies":[{"name":"wp","href":"https:\/\/api.w.org\/{rel}","templated":true}]}}