{"id":165,"date":"2017-01-02T09:07:19","date_gmt":"2017-01-02T09:07:19","guid":{"rendered":"https:\/\/raratheme.com\/preview\/construction-landing-page\/?page_id=165"},"modified":"2024-10-28T09:58:50","modified_gmt":"2024-10-28T07:58:50","slug":"contatti","status":"publish","type":"page","link":"https:\/\/boxalmetro.com\/web\/contatti\/","title":{"rendered":"Contatti"},"content":{"rendered":"<blockquote class=\"tiktok-embed\" style=\"max-width: 605px; min-width: 325px;\" cite=\"https:\/\/www.tiktok.com\/@boxalmetro\/video\/7403428786609425696\" data-video-id=\"7403428786609425696\">\n<section><a title=\"@boxalmetro\" href=\"https:\/\/www.tiktok.com\/@boxalmetro?refer=embed\" target=\"_blank\" rel=\"noopener\">@boxalmetro<\/a>#boxalmetro boxalmetro.com L unico Self Storage a Lucca | Depositi Individuali Autogestiti | Lo spazio aperto tutti i giorni oltre 12 ore per ospitare le tue attrezzature sportive o tecniche o professionali, le tue collezioni, le scatole delle garanzie dei prodotti, libri, mobili, oggetti in genere etc<br \/>\n<a title=\"\u266c original sound - BoxALmetro\" href=\"https:\/\/www.tiktok.com\/music\/original-sound-BoxALmetro-7403428859424770848?refer=embed\" target=\"_blank\" rel=\"noopener\">\u266c original sound &#8211; BoxALmetro<\/a><br \/>\n<\/section>\n<\/blockquote>\n<p><script async src=\"https:\/\/www.tiktok.com\/embed.js\"><\/script><\/p>\n\n<div class=\"wpcf7 no-js\" id=\"wpcf7-f357-o1\" lang=\"en-US\" dir=\"ltr\" data-wpcf7-id=\"357\">\n<div class=\"screen-reader-response\"><p role=\"status\" aria-live=\"polite\" aria-atomic=\"true\"><\/p> <ul><\/ul><\/div>\n<form action=\"\/web\/wp-json\/wp\/v2\/pages\/165#wpcf7-f357-o1\" method=\"post\" class=\"wpcf7-form init\" aria-label=\"Contact form\" novalidate=\"novalidate\" data-status=\"init\">\n<fieldset class=\"hidden-fields-container\"><input type=\"hidden\" name=\"_wpcf7\" value=\"357\" \/><input type=\"hidden\" name=\"_wpcf7_version\" value=\"6.1.5\" \/><input type=\"hidden\" name=\"_wpcf7_locale\" value=\"en_US\" \/><input type=\"hidden\" name=\"_wpcf7_unit_tag\" value=\"wpcf7-f357-o1\" \/><input type=\"hidden\" name=\"_wpcf7_container_post\" value=\"0\" \/><input type=\"hidden\" name=\"_wpcf7_posted_data_hash\" value=\"\" \/>\n<\/fieldset>\n<p><strong class=\"title\">Compila il Formulario qui sotto per prenotare il tuo Box! C2<\/strong>\n<\/p>\n<p>Scegli il Tipo o la dimensione del BOX, per quanto tempo ti servir\u00e0, con che periodicit\u00e0 farai il pagamento anticipato e la zona che preferisci. Un consulente ti contatter\u00e0 al pi\u00f9 presto!\n<\/p>\n<p>I campi con * sono obbligatori\n<\/p>\n<p>Nome e Cognome, Ragione Sociale se Societ\u00e0 *: <span class=\"wpcf7-form-control-wrap\" data-name=\"your-name\"><input size=\"40\" maxlength=\"400\" class=\"wpcf7-form-control wpcf7-text wpcf7-validates-as-required\" aria-required=\"true\" aria-invalid=\"false\" value=\"\" type=\"text\" name=\"your-name\" \/><\/span>\n<\/p>\n<p>La tua Mail *: <span class=\"wpcf7-form-control-wrap\" data-name=\"your-email\"><input size=\"40\" maxlength=\"400\" class=\"wpcf7-form-control wpcf7-email wpcf7-validates-as-required wpcf7-text wpcf7-validates-as-email\" aria-required=\"true\" aria-invalid=\"false\" value=\"\" type=\"email\" name=\"your-email\" \/><\/span>\n<\/p>\n<p>Numero di Telefono *: <span class=\"wpcf7-form-control-wrap\" data-name=\"your-mobile\"><input size=\"40\" maxlength=\"400\" class=\"wpcf7-form-control wpcf7-text wpcf7-validates-as-required\" aria-required=\"true\" aria-invalid=\"false\" value=\"\" type=\"text\" name=\"your-mobile\" \/><\/span>\n<\/p>\n<p>Vi contatto da (Provincia Italiana o Paese Straniero) *: <span class=\"wpcf7-form-control-wrap\" data-name=\"your-provincia-paese\"><input size=\"40\" maxlength=\"400\" class=\"wpcf7-form-control wpcf7-text wpcf7-validates-as-required\" aria-required=\"true\" aria-invalid=\"false\" value=\"\" type=\"text\" name=\"your-provincia-paese\" \/><\/span>\n<\/p>\n<p>Quale dimensione \/ tipo di Spazio ti serve? O ci contatti per Collaborare con noi? <span class=\"wpcf7-form-control-wrap\" data-name=\"menu-dimensione\"><select class=\"wpcf7-form-control wpcf7-select wpcf7-validates-as-required\" aria-required=\"true\" aria-invalid=\"false\" name=\"menu-dimensione\"><option value=\"SelfLuggage Trolley - Valigia - Zaino - Sicurezza: Catena con Lucchetto\">SelfLuggage Trolley - Valigia - Zaino - Sicurezza: Catena con Lucchetto<\/option><option value=\"SelfLocker Casco - Buste aperte - Acquisti - Sicurezza: Sportello con Lucchetto\">SelfLocker Casco - Buste aperte - Acquisti - Sicurezza: Sportello con Lucchetto<\/option><option value=\"BOX SelfStorage Cabina Armadio da 2 metri quadri 4 metri cubi\">BOX SelfStorage Cabina Armadio da 2 metri quadri 4 metri cubi<\/option><option value=\"BOX SelfStorage Trasloco Monolocale da 4 metriquadri - 10 metricubi\">BOX SelfStorage Trasloco Monolocale da 4 metriquadri - 10 metricubi<\/option><option value=\"Deposito Trasloco Monolocale da 4 metriquadri 12 metricubi\">Deposito Trasloco Monolocale da 4 metriquadri 12 metricubi<\/option><option value=\"Deposito Trasloco Bilocale da 8 metriquadri 24 metricubi\">Deposito Trasloco Bilocale da 8 metriquadri 24 metricubi<\/option><option value=\"Deposito Trasloco Appartamento da 16 metriquadri 48 metricubi\">Deposito Trasloco Appartamento da 16 metriquadri 48 metricubi<\/option><option value=\"Posto Moto Riservato (Solo strisce e numero)\">Posto Moto Riservato (Solo strisce e numero)<\/option><option value=\"Posto Moto chiuso con pareti in muratura o drywall\">Posto Moto chiuso con pareti in muratura o drywall<\/option><option value=\"Posto Auto d&#039;Epoca, con larghezza di 4 metri\">Posto Auto d&#039;Epoca, con larghezza di 4 metri<\/option><option value=\"Ho uno o pi\u00f9 fondi da darvi in gestione - Collaborazione\">Ho uno o pi\u00f9 fondi da darvi in gestione - Collaborazione<\/option><\/select><\/span>\n<\/p>\n<p>Per quanto tempo vuoi avere il servizio? O ci contatti per Collaborare con noi? <span class=\"wpcf7-form-control-wrap\" data-name=\"menu-durata\"><select class=\"wpcf7-form-control wpcf7-select wpcf7-validates-as-required\" aria-required=\"true\" aria-invalid=\"false\" name=\"menu-durata\"><option value=\"SelfLuggage per 1 giorno\">SelfLuggage per 1 giorno<\/option><option value=\"SelfLocker per 1 giorno\">SelfLocker per 1 giorno<\/option><option value=\"BOX SelfStorage per 1 o pi\u00f9 mesi\">BOX SelfStorage per 1 o pi\u00f9 mesi<\/option><option value=\"Deposito per 1 o pi\u00f9 mesi\">Deposito per 1 o pi\u00f9 mesi<\/option><option value=\"Collaborazione\">Collaborazione<\/option><\/select><\/span>\n<\/p>\n<p>Con quale periodicit\u00e0 farai il pagamento anticipato? O ci contatti per Collaborare con noi? <span class=\"wpcf7-form-control-wrap\" data-name=\"menu-pagamento\"><select class=\"wpcf7-form-control wpcf7-select wpcf7-validates-as-required\" aria-required=\"true\" aria-invalid=\"false\" name=\"menu-pagamento\"><option value=\"Giornaliero\">Giornaliero<\/option><option value=\"Mensile\">Mensile<\/option><option value=\"Quadrimestrale\">Quadrimestrale<\/option><option value=\"Collaborazione\">Collaborazione<\/option><\/select><\/span>\n<\/p>\n<p>Quale Zona preferisci? O ci contatti per Collaborare con noi? <span class=\"wpcf7-form-control-wrap\" data-name=\"menu-zona\"><select class=\"wpcf7-form-control wpcf7-select wpcf7-validates-as-required\" aria-required=\"true\" aria-invalid=\"false\" name=\"menu-zona\"><option value=\"Lucca Tiglio - Arancio - 300 metri dal centro\">Lucca Tiglio - Arancio - 300 metri dal centro<\/option><option value=\"Lucca Castracani - Arancio - 400 metri dal centro\">Lucca Castracani - Arancio - 400 metri dal centro<\/option><option value=\"Lucca San Concordio - In allestimento\">Lucca San Concordio - In allestimento<\/option><option value=\"Lucca Santanna - In allestimento\">Lucca Santanna - In allestimento<\/option><option value=\"Lucca Giannotti - In allestimento\">Lucca Giannotti - In allestimento<\/option><option value=\"Collaborazione\">Collaborazione<\/option><\/select><\/span>\n<\/p>\n<p>Seleziona eventuali Servizi Extra Tipo A da attivare? <span class=\"wpcf7-form-control-wrap\" data-name=\"checkbox-servizi_a\"><span class=\"wpcf7-form-control wpcf7-checkbox\"><span class=\"wpcf7-list-item first\"><input type=\"checkbox\" name=\"checkbox-servizi_a[]\" value=\"Gancio per una Bicicletta - 3\u20ac\" \/><span class=\"wpcf7-list-item-label\">Gancio per una Bicicletta - 3\u20ac<\/span><\/span><span class=\"wpcf7-list-item\"><input type=\"checkbox\" name=\"checkbox-servizi_a[]\" value=\"Gancio per due Biciclette - 5\u20ac\" \/><span class=\"wpcf7-list-item-label\">Gancio per due Biciclette - 5\u20ac<\/span><\/span><span class=\"wpcf7-list-item\"><input type=\"checkbox\" name=\"checkbox-servizi_a[]\" value=\"Assicurazione Individuale (Preventivare a parte\" \/><span class=\"wpcf7-list-item-label\">Assicurazione Individuale (Preventivare a parte<\/span><\/span><span class=\"wpcf7-list-item last\"><input type=\"checkbox\" name=\"checkbox-servizi_a[]\" value=\"Collaborazione\" \/><span class=\"wpcf7-list-item-label\">Collaborazione<\/span><\/span><\/span><\/span>\n<\/p>\n<p>Seleziona eventuali Servizi Extra Tipo B da attivare? <span class=\"wpcf7-form-control-wrap\" data-name=\"checkbox-servizi_b\"><span class=\"wpcf7-form-control wpcf7-checkbox\"><span class=\"wpcf7-list-item first\"><input type=\"checkbox\" name=\"checkbox-servizi_b[]\" value=\"Accesso Tramite NFC Tag Portachiavi - FOB - 3\u20ac\" \/><span class=\"wpcf7-list-item-label\">Accesso Tramite NFC Tag Portachiavi - FOB - 3\u20ac<\/span><\/span><span class=\"wpcf7-list-item\"><input type=\"checkbox\" name=\"checkbox-servizi_b[]\" value=\"VideoSorveglianza Individuale - 5\u20ac\" \/><span class=\"wpcf7-list-item-label\">VideoSorveglianza Individuale - 5\u20ac<\/span><\/span><span class=\"wpcf7-list-item last\"><input type=\"checkbox\" name=\"checkbox-servizi_b[]\" value=\"PIN di accesso aggiuntivo - 3\u20ac\" \/><span class=\"wpcf7-list-item-label\">PIN di accesso aggiuntivo - 3\u20ac<\/span><\/span><\/span><\/span>\n<\/p>\n<p>Messaggio\n<\/p>\n<p><span class=\"wpcf7-form-control-wrap\" data-name=\"your-message\"><textarea cols=\"40\" rows=\"10\" maxlength=\"2000\" class=\"wpcf7-form-control wpcf7-textarea\" aria-invalid=\"false\" name=\"your-message\"><\/textarea><\/span>\n<\/p>\n<p>Legge sulla Privacy\n<\/p>\n<p><span class=\"wpcf7-form-control-wrap\" data-name=\"acceptance-627\"><span class=\"wpcf7-form-control wpcf7-acceptance\"><span class=\"wpcf7-list-item\"><input type=\"checkbox\" name=\"acceptance-627\" value=\"1\" checked=\"checked\" aria-invalid=\"false\" \/><\/span><\/span><\/span> L'invio del presente Formulario esprime il consenso al trattamento dei dati forniti nel rispetto della Privacy; GPDR 679\/201\n<\/p>\n<p>L'utente dichiara inoltre di aver letto ed accettato la <a href=\"http:\/\/boxalmetro.com\/web\/privacy\" target=\"_blank\">Privacy<\/a>\n<\/p>\n<p><span class=\"wpcf7-form-control-wrap\" data-name=\"quiz-1\"><label><span class=\"wpcf7-quiz-label\">Qual \u00e8 la somma di dieci + due, scritto in lettere?<\/span> <input size=\"40\" class=\"wpcf7-form-control wpcf7-quiz\" autocomplete=\"off\" aria-required=\"true\" aria-invalid=\"false\" type=\"text\" name=\"quiz-1\" \/><\/label><input type=\"hidden\" name=\"_wpcf7_quiz_answer_quiz-1\" value=\"cfc05e50fea26b10a58c342a1fe9fb8c\" \/><\/span>\n<\/p>\n<p><input class=\"wpcf7-form-control wpcf7-submit has-spinner\" type=\"submit\" value=\"Vorrei un Box!\" \/>\n<\/p><input type='hidden' class='wpcf7-pum' value='{\"closepopup\":false,\"closedelay\":0,\"openpopup\":false,\"openpopup_id\":0}' \/><div class=\"wpcf7-response-output\" aria-hidden=\"true\"><\/div>\n<\/form>\n<\/div>\n\n<blockquote class=\"tiktok-embed\" style=\"max-width: 605px; min-width: 325px;\" cite=\"https:\/\/www.tiktok.com\/@boxalmetro\/video\/7326261070048349473\" data-video-id=\"7326261070048349473\">\n<section><a title=\"@boxalmetro\" href=\"https:\/\/www.tiktok.com\/@boxalmetro?refer=embed\" target=\"_blank\" rel=\"noopener\">@boxalmetro<\/a> <a title=\"boxalmetro\" href=\"https:\/\/www.tiktok.com\/tag\/boxalmetro?refer=embed\" target=\"_blank\" rel=\"noopener\">#boxalmetro<\/a> <a title=\"lucca\" href=\"https:\/\/www.tiktok.com\/tag\/lucca?refer=embed\" target=\"_blank\" rel=\"noopener\">#lucca<\/a> https:\/\/boxalmetro.com <a title=\"selfstorage\" href=\"https:\/\/www.tiktok.com\/tag\/selfstorage?refer=embed\" target=\"_blank\" rel=\"noopener\">#selfstorage<\/a> <a title=\"\u266c original sound - BoxAlMetro\" href=\"https:\/\/www.tiktok.com\/music\/original-sound-7326261096063126304?refer=embed\" target=\"_blank\" rel=\"noopener\">\u266c original sound &#8211; BoxAlMetro<\/a><\/section>\n<\/blockquote>\n<p><script async src=\"https:\/\/www.tiktok.com\/embed.js\"><\/script><\/p>\n","protected":false},"excerpt":{"rendered":"<p>@boxalmetro#boxalmetro boxalmetro.com L unico Self Storage a Lucca | Depositi Individuali Autogestiti | Lo spazio aperto tutti i giorni oltre 12 ore per ospitare le tue attrezzature sportive o tecniche o professionali, le tue collezioni, le scatole delle garanzie dei prodotti, libri,<\/p>\n<p class=\"link-more\"><a class=\"myButt three\" href=\"https:\/\/boxalmetro.com\/web\/contatti\/\">Read More<\/a><\/p>\n","protected":false},"author":1,"featured_media":0,"parent":0,"menu_order":2,"comment_status":"closed","ping_status":"closed","template":"templeat-full-width.php","meta":{"_joinchat":[],"footnotes":""},"class_list":["post-165","page","type-page","status-publish","hentry"],"_links":{"self":[{"href":"https:\/\/boxalmetro.com\/web\/wp-json\/wp\/v2\/pages\/165","targetHints":{"allow":["GET"]}}],"collection":[{"href":"https:\/\/boxalmetro.com\/web\/wp-json\/wp\/v2\/pages"}],"about":[{"href":"https:\/\/boxalmetro.com\/web\/wp-json\/wp\/v2\/types\/page"}],"author":[{"embeddable":true,"href":"https:\/\/boxalmetro.com\/web\/wp-json\/wp\/v2\/users\/1"}],"replies":[{"embeddable":true,"href":"https:\/\/boxalmetro.com\/web\/wp-json\/wp\/v2\/comments?post=165"}],"version-history":[{"count":9,"href":"https:\/\/boxalmetro.com\/web\/wp-json\/wp\/v2\/pages\/165\/revisions"}],"predecessor-version":[{"id":955,"href":"https:\/\/boxalmetro.com\/web\/wp-json\/wp\/v2\/pages\/165\/revisions\/955"}],"wp:attachment":[{"href":"https:\/\/boxalmetro.com\/web\/wp-json\/wp\/v2\/media?parent=165"}],"curies":[{"name":"wp","href":"https:\/\/api.w.org\/{rel}","templated":true}]}}